{"id":230,"date":"2019-11-12T00:04:53","date_gmt":"2019-11-11T23:04:53","guid":{"rendered":"http:\/\/docustoredev.docustore.cl\/docustorewp\/?page_id=230"},"modified":"2020-03-03T14:59:42","modified_gmt":"2020-03-03T13:59:42","slug":"custodia-y-administracion-de-cintas","status":"publish","type":"page","link":"https:\/\/www.docustore.cl\/index.php\/custodia-y-administracion-de-cintas\/","title":{"rendered":"Custodia y Administraci\u00f3n de Cintas"},"content":{"rendered":"[vc_row type=\u00bbfull_width_content\u00bb full_screen_row_position=\u00bbmiddle\u00bb bg_image=\u00bb173&#8243; bg_position=\u00bbcenter center\u00bb bg_repeat=\u00bbno-repeat\u00bb scene_position=\u00bbcenter\u00bb text_color=\u00bbdark\u00bb text_align=\u00bbleft\u00bb top_padding=\u00bb2%\u00bb bottom_padding=\u00bb2%\u00bb overlay_strength=\u00bb0.3&#8243; shape_divider_position=\u00bbbottom\u00bb bg_image_animation=\u00bbnone\u00bb shape_type=\u00bb\u00bb][vc_column column_padding=\u00bbno-extra-padding\u00bb column_padding_position=\u00bball\u00bb background_color_opacity=\u00bb1&#8243; background_hover_color_opacity=\u00bb1&#8243; column_link_target=\u00bb_self\u00bb column_shadow=\u00bbnone\u00bb column_border_radius=\u00bbnone\u00bb width=\u00bb1\/1&#8243; tablet_width_inherit=\u00bbdefault\u00bb tablet_text_alignment=\u00bbdefault\u00bb phone_text_alignment=\u00bbdefault\u00bb column_border_width=\u00bbnone\u00bb column_border_style=\u00bbsolid\u00bb bg_image_animation=\u00bbnone\u00bb][\/vc_column][\/vc_row][vc_row type=\u00bbfull_width_content\u00bb full_screen_row_position=\u00bbmiddle\u00bb equal_height=\u00bbyes\u00bb content_placement=\u00bbbottom\u00bb bg_color=\u00bb#ffffff\u00bb scene_position=\u00bbcenter\u00bb text_color=\u00bbdark\u00bb text_align=\u00bbleft\u00bb overlay_strength=\u00bb0.3&#8243; shape_divider_position=\u00bbbottom\u00bb bg_image_animation=\u00bbnone\u00bb shape_type=\u00bb\u00bb][vc_column column_padding=\u00bbpadding-5-percent\u00bb column_padding_position=\u00bball\u00bb background_color=\u00bb#f4f4f4&#8243; background_color_opacity=\u00bb1&#8243; background_hover_color_opacity=\u00bb1&#8243; column_link_target=\u00bb_self\u00bb column_shadow=\u00bbnone\u00bb column_border_radius=\u00bbnone\u00bb width=\u00bb1\/2&#8243; tablet_width_inherit=\u00bbdefault\u00bb tablet_text_alignment=\u00bbdefault\u00bb phone_text_alignment=\u00bbdefault\u00bb column_border_width=\u00bbnone\u00bb column_border_style=\u00bbsolid\u00bb bg_image_animation=\u00bbnone\u00bb][vc_row_inner column_margin=\u00bbdefault\u00bb text_align=\u00bbleft\u00bb][vc_column_inner column_padding=\u00bbno-extra-padding\u00bb column_padding_position=\u00bball\u00bb background_color_opacity=\u00bb1&#8243; background_hover_color_opacity=\u00bb1&#8243; column_shadow=\u00bbnone\u00bb column_border_radius=\u00bbnone\u00bb column_link_target=\u00bb_self\u00bb width=\u00bb1\/1&#8243; tablet_width_inherit=\u00bbdefault\u00bb column_border_width=\u00bbnone\u00bb column_border_style=\u00bbsolid\u00bb bg_image_animation=\u00bbnone\u00bb enable_animation=\u00bbtrue\u00bb animation=\u00bbfade-in-from-bottom\u00bb][image_with_animation image_url=\u00bb238&#8243; alignment=\u00bb\u00bb animation=\u00bbFade In\u00bb border_radius=\u00bbnone\u00bb box_shadow=\u00bbnone\u00bb max_width=\u00bb100%\u00bb][vc_custom_heading text=\u00bbCustodia y Administraci\u00f3n de Cintas\u00bb font_container=\u00bbtag:h2|font_size:40|text_align:left|line_height:50px\u00bb use_theme_fonts=\u00bbyes\u00bb][vc_custom_heading text=\u00bbInclusive en los peores momentos, su informaci\u00f3n esta resguardada, y puede solicitarla cuando lo requiera, y continuar con sus actividades de forma habitual. Su informaci\u00f3n esta salvaguardada. DocuStore protege su informaci\u00f3n vital incluso en los peores momentos.<\/p>\n<p>Ya sea para recuperaci\u00f3n de datos o para poner en pr\u00e1ctica un servicio de dep\u00f3sito de tecnolog\u00eda en custodia, tenemos una soluci\u00f3n. Le ayudaremos a dise\u00f1ar un plan de recuperaci\u00f3n ante desastres; proporcionaremos protecci\u00f3n y rotaci\u00f3n segura de los datos en copia de seguridad fuera de sus instalaciones, y pondremos a su disposici\u00f3n los datos de forma r\u00e1pida y precisa, en cada momento.\u00bb font_container=\u00bbtag:p|text_align:left|color:rgba(10%2C10%2C10%2C0.6)\u00bb use_theme_fonts=\u00bbyes\u00bb][\/vc_column_inner][\/vc_row_inner][\/vc_column][vc_column centered_text=\u00bbtrue\u00bb column_padding=\u00bbpadding-5-percent\u00bb column_padding_position=\u00bball\u00bb background_color_opacity=\u00bb1&#8243; background_hover_color_opacity=\u00bb1&#8243; column_link_target=\u00bb_self\u00bb column_shadow=\u00bbnone\u00bb column_border_radius=\u00bbnone\u00bb width=\u00bb1\/2&#8243; tablet_width_inherit=\u00bbdefault\u00bb tablet_text_alignment=\u00bbdefault\u00bb phone_text_alignment=\u00bbdefault\u00bb column_border_width=\u00bbnone\u00bb column_border_style=\u00bbsolid\u00bb bg_image_animation=\u00bbnone\u00bb][image_with_animation image_url=\u00bb240&#8243; alignment=\u00bbcenter\u00bb animation=\u00bbFade In From Bottom\u00bb border_radius=\u00bbnone\u00bb box_shadow=\u00bbnone\u00bb max_width=\u00bb100%\u00bb][vc_column_text]\n<h3><span style=\"color: #56a8ed;\"><strong>Resguarde su Empresa, Proteja su Informaci\u00f3n<\/strong><\/span><\/h3>\n[\/vc_column_text][\/vc_column][\/vc_row][vc_row type=\u00bbfull_width_content\u00bb full_screen_row_position=\u00bbmiddle\u00bb scene_position=\u00bbcenter\u00bb text_color=\u00bblight\u00bb text_align=\u00bbleft\u00bb enable_gradient=\u00bbtrue\u00bb color_overlay=\u00bb#2678e6&#8243; color_overlay_2=\u00bb#61a3e5&#8243; gradient_direction=\u00bbtop_to_bottom\u00bb overlay_strength=\u00bb1&#8243; shape_divider_position=\u00bbbottom\u00bb bg_image_animation=\u00bbnone\u00bb shape_type=\u00bb\u00bb][vc_column centered_text=\u00bbtrue\u00bb column_padding=\u00bbpadding-5-percent\u00bb column_padding_position=\u00bball\u00bb background_color_opacity=\u00bb1&#8243; background_hover_color_opacity=\u00bb1&#8243; column_link_target=\u00bb_self\u00bb column_shadow=\u00bbnone\u00bb column_border_radius=\u00bbnone\u00bb width=\u00bb1\/1&#8243; tablet_width_inherit=\u00bbdefault\u00bb tablet_text_alignment=\u00bbdefault\u00bb phone_text_alignment=\u00bbdefault\u00bb column_border_width=\u00bbnone\u00bb column_border_style=\u00bbsolid\u00bb bg_image_animation=\u00bbnone\u00bb][vc_column_text max_width=\u00bb850&#8243;]\n<h3>Nuestro enfoque personalizado y asistencia le ayudar\u00e1n a tomar las decisiones m\u00e1s adecuadas incluso en los momentos m\u00e1s complicados para su negocio.<\/h3>\n[\/vc_column_text][divider line_type=\u00bbNo Line\u00bb custom_height=\u00bb0&#8243;][nectar_btn size=\u00bblarge\u00bb button_style=\u00bbsee-through-2&#8243; color_override=\u00bb#ffffff\u00bb hover_text_color_override=\u00bb#ffffff\u00bb icon_family=\u00bbnone\u00bb url=\u00bb\/index.php\/contacto-docustore\/\u00bb text=\u00bbCont\u00e1ctenos Ahora\u00bb][\/vc_column][\/vc_row]\n","protected":false},"excerpt":{"rendered":"<p>[vc_row type=\u00bbfull_width_content\u00bb full_screen_row_position=\u00bbmiddle\u00bb bg_image=\u00bb173&#8243; bg_position=\u00bbcenter center\u00bb bg_repeat=\u00bbno-repeat\u00bb scene_position=\u00bbcenter\u00bb text_color=\u00bbdark\u00bb text_align=\u00bbleft\u00bb top_padding=\u00bb2%\u00bb bottom_padding=\u00bb2%\u00bb overlay_strength=\u00bb0.3&#8243; shape_divider_position=\u00bbbottom\u00bb bg_image_animation=\u00bbnone\u00bb shape_type=\u00bb\u00bb][vc_column column_padding=\u00bbno-extra-padding\u00bb column_padding_position=\u00bball\u00bb background_color_opacity=\u00bb1&#8243; background_hover_color_opacity=\u00bb1&#8243; column_link_target=\u00bb_self\u00bb column_shadow=\u00bbnone\u00bb column_border_radius=\u00bbnone\u00bb width=\u00bb1\/1&#8243; tablet_width_inherit=\u00bbdefault\u00bb tablet_text_alignment=\u00bbdefault\u00bb phone_text_alignment=\u00bbdefault\u00bb column_border_width=\u00bbnone\u00bb column_border_style=\u00bbsolid\u00bb bg_image_animation=\u00bbnone\u00bb][\/vc_column][\/vc_row][vc_row&#8230;<\/p>\n","protected":false},"author":1,"featured_media":0,"parent":0,"menu_order":0,"comment_status":"closed","ping_status":"closed","template":"","meta":{"_joinchat":[],"footnotes":""},"class_list":["post-230","page","type-page","status-publish"],"yoast_head":"<!-- This site is optimized with the Yoast SEO plugin v26.6 - https:\/\/yoast.com\/wordpress\/plugins\/seo\/ -->\n<title>Custodia y Administraci\u00f3n de Cintas - Docustore | Custodia y administraci\u00f3n de documentos<\/title>\n<meta name=\"robots\" content=\"index, follow, max-snippet:-1, max-image-preview:large, max-video-preview:-1\" \/>\n<link rel=\"canonical\" href=\"https:\/\/www.docustore.cl\/index.php\/custodia-y-administracion-de-cintas\/\" \/>\n<meta property=\"og:locale\" content=\"es_ES\" \/>\n<meta property=\"og:type\" content=\"article\" \/>\n<meta property=\"og:title\" content=\"Custodia y Administraci\u00f3n de Cintas - Docustore | Custodia y administraci\u00f3n de documentos\" \/>\n<meta property=\"og:description\" content=\"[vc_row type=\u00bbfull_width_content\u00bb full_screen_row_position=\u00bbmiddle\u00bb bg_image=\u00bb173&#8243; bg_position=\u00bbcenter center\u00bb bg_repeat=\u00bbno-repeat\u00bb scene_position=\u00bbcenter\u00bb text_color=\u00bbdark\u00bb text_align=\u00bbleft\u00bb top_padding=\u00bb2%\u00bb bottom_padding=\u00bb2%\u00bb overlay_strength=\u00bb0.3&#8243; shape_divider_position=\u00bbbottom\u00bb bg_image_animation=\u00bbnone\u00bb shape_type=\u00bb\u00bb][vc_column column_padding=\u00bbno-extra-padding\u00bb column_padding_position=\u00bball\u00bb background_color_opacity=\u00bb1&#8243; background_hover_color_opacity=\u00bb1&#8243; column_link_target=\u00bb_self\u00bb column_shadow=\u00bbnone\u00bb column_border_radius=\u00bbnone\u00bb width=\u00bb1\/1&#8243; tablet_width_inherit=\u00bbdefault\u00bb tablet_text_alignment=\u00bbdefault\u00bb phone_text_alignment=\u00bbdefault\u00bb column_border_width=\u00bbnone\u00bb column_border_style=\u00bbsolid\u00bb bg_image_animation=\u00bbnone\u00bb][\/vc_column][\/vc_row][vc_row...\" \/>\n<meta property=\"og:url\" content=\"https:\/\/www.docustore.cl\/index.php\/custodia-y-administracion-de-cintas\/\" \/>\n<meta property=\"og:site_name\" content=\"Docustore | Custodia y administraci\u00f3n de documentos\" \/>\n<meta property=\"article:modified_time\" content=\"2020-03-03T13:59:42+00:00\" \/>\n<meta name=\"twitter:card\" content=\"summary_large_image\" \/>\n<meta name=\"twitter:label1\" content=\"Tiempo de lectura\" \/>\n\t<meta name=\"twitter:data1\" content=\"4 minutos\" \/>\n<script type=\"application\/ld+json\" class=\"yoast-schema-graph\">{\"@context\":\"https:\/\/schema.org\",\"@graph\":[{\"@type\":\"WebPage\",\"@id\":\"https:\/\/www.docustore.cl\/index.php\/custodia-y-administracion-de-cintas\/\",\"url\":\"https:\/\/www.docustore.cl\/index.php\/custodia-y-administracion-de-cintas\/\",\"name\":\"Custodia y Administraci\u00f3n de Cintas - Docustore | Custodia y administraci\u00f3n de documentos\",\"isPartOf\":{\"@id\":\"https:\/\/www.docustore.cl\/#website\"},\"datePublished\":\"2019-11-11T23:04:53+00:00\",\"dateModified\":\"2020-03-03T13:59:42+00:00\",\"breadcrumb\":{\"@id\":\"https:\/\/www.docustore.cl\/index.php\/custodia-y-administracion-de-cintas\/#breadcrumb\"},\"inLanguage\":\"es\",\"potentialAction\":[{\"@type\":\"ReadAction\",\"target\":[\"https:\/\/www.docustore.cl\/index.php\/custodia-y-administracion-de-cintas\/\"]}]},{\"@type\":\"BreadcrumbList\",\"@id\":\"https:\/\/www.docustore.cl\/index.php\/custodia-y-administracion-de-cintas\/#breadcrumb\",\"itemListElement\":[{\"@type\":\"ListItem\",\"position\":1,\"name\":\"Portada\",\"item\":\"https:\/\/www.docustore.cl\/\"},{\"@type\":\"ListItem\",\"position\":2,\"name\":\"Custodia y Administraci\u00f3n de Cintas\"}]},{\"@type\":\"WebSite\",\"@id\":\"https:\/\/www.docustore.cl\/#website\",\"url\":\"https:\/\/www.docustore.cl\/\",\"name\":\"Docustore | Custodia y administraci\u00f3n de documentos\",\"description\":\"Almacenaje y Administraci\u00f3n de Documentos, Digitalizaci\u00f3n, Software\",\"potentialAction\":[{\"@type\":\"SearchAction\",\"target\":{\"@type\":\"EntryPoint\",\"urlTemplate\":\"https:\/\/www.docustore.cl\/?s={search_term_string}\"},\"query-input\":{\"@type\":\"PropertyValueSpecification\",\"valueRequired\":true,\"valueName\":\"search_term_string\"}}],\"inLanguage\":\"es\"}]}<\/script>\n<!-- \/ Yoast SEO plugin. -->","yoast_head_json":{"title":"Custodia y Administraci\u00f3n de Cintas - Docustore | Custodia y administraci\u00f3n de documentos","robots":{"index":"index","follow":"follow","max-snippet":"max-snippet:-1","max-image-preview":"max-image-preview:large","max-video-preview":"max-video-preview:-1"},"canonical":"https:\/\/www.docustore.cl\/index.php\/custodia-y-administracion-de-cintas\/","og_locale":"es_ES","og_type":"article","og_title":"Custodia y Administraci\u00f3n de Cintas - Docustore | Custodia y administraci\u00f3n de documentos","og_description":"[vc_row type=\u00bbfull_width_content\u00bb full_screen_row_position=\u00bbmiddle\u00bb bg_image=\u00bb173&#8243; bg_position=\u00bbcenter center\u00bb bg_repeat=\u00bbno-repeat\u00bb scene_position=\u00bbcenter\u00bb text_color=\u00bbdark\u00bb text_align=\u00bbleft\u00bb top_padding=\u00bb2%\u00bb bottom_padding=\u00bb2%\u00bb overlay_strength=\u00bb0.3&#8243; shape_divider_position=\u00bbbottom\u00bb bg_image_animation=\u00bbnone\u00bb shape_type=\u00bb\u00bb][vc_column column_padding=\u00bbno-extra-padding\u00bb column_padding_position=\u00bball\u00bb background_color_opacity=\u00bb1&#8243; background_hover_color_opacity=\u00bb1&#8243; column_link_target=\u00bb_self\u00bb column_shadow=\u00bbnone\u00bb column_border_radius=\u00bbnone\u00bb width=\u00bb1\/1&#8243; tablet_width_inherit=\u00bbdefault\u00bb tablet_text_alignment=\u00bbdefault\u00bb phone_text_alignment=\u00bbdefault\u00bb column_border_width=\u00bbnone\u00bb column_border_style=\u00bbsolid\u00bb bg_image_animation=\u00bbnone\u00bb][\/vc_column][\/vc_row][vc_row...","og_url":"https:\/\/www.docustore.cl\/index.php\/custodia-y-administracion-de-cintas\/","og_site_name":"Docustore | Custodia y administraci\u00f3n de documentos","article_modified_time":"2020-03-03T13:59:42+00:00","twitter_card":"summary_large_image","twitter_misc":{"Tiempo de lectura":"4 minutos"},"schema":{"@context":"https:\/\/schema.org","@graph":[{"@type":"WebPage","@id":"https:\/\/www.docustore.cl\/index.php\/custodia-y-administracion-de-cintas\/","url":"https:\/\/www.docustore.cl\/index.php\/custodia-y-administracion-de-cintas\/","name":"Custodia y Administraci\u00f3n de Cintas - Docustore | Custodia y administraci\u00f3n de documentos","isPartOf":{"@id":"https:\/\/www.docustore.cl\/#website"},"datePublished":"2019-11-11T23:04:53+00:00","dateModified":"2020-03-03T13:59:42+00:00","breadcrumb":{"@id":"https:\/\/www.docustore.cl\/index.php\/custodia-y-administracion-de-cintas\/#breadcrumb"},"inLanguage":"es","potentialAction":[{"@type":"ReadAction","target":["https:\/\/www.docustore.cl\/index.php\/custodia-y-administracion-de-cintas\/"]}]},{"@type":"BreadcrumbList","@id":"https:\/\/www.docustore.cl\/index.php\/custodia-y-administracion-de-cintas\/#breadcrumb","itemListElement":[{"@type":"ListItem","position":1,"name":"Portada","item":"https:\/\/www.docustore.cl\/"},{"@type":"ListItem","position":2,"name":"Custodia y Administraci\u00f3n de Cintas"}]},{"@type":"WebSite","@id":"https:\/\/www.docustore.cl\/#website","url":"https:\/\/www.docustore.cl\/","name":"Docustore | Custodia y administraci\u00f3n de documentos","description":"Almacenaje y Administraci\u00f3n de Documentos, Digitalizaci\u00f3n, Software","potentialAction":[{"@type":"SearchAction","target":{"@type":"EntryPoint","urlTemplate":"https:\/\/www.docustore.cl\/?s={search_term_string}"},"query-input":{"@type":"PropertyValueSpecification","valueRequired":true,"valueName":"search_term_string"}}],"inLanguage":"es"}]}},"_links":{"self":[{"href":"https:\/\/www.docustore.cl\/index.php\/wp-json\/wp\/v2\/pages\/230","targetHints":{"allow":["GET"]}}],"collection":[{"href":"https:\/\/www.docustore.cl\/index.php\/wp-json\/wp\/v2\/pages"}],"about":[{"href":"https:\/\/www.docustore.cl\/index.php\/wp-json\/wp\/v2\/types\/page"}],"author":[{"embeddable":true,"href":"https:\/\/www.docustore.cl\/index.php\/wp-json\/wp\/v2\/users\/1"}],"replies":[{"embeddable":true,"href":"https:\/\/www.docustore.cl\/index.php\/wp-json\/wp\/v2\/comments?post=230"}],"version-history":[{"count":13,"href":"https:\/\/www.docustore.cl\/index.php\/wp-json\/wp\/v2\/pages\/230\/revisions"}],"predecessor-version":[{"id":422,"href":"https:\/\/www.docustore.cl\/index.php\/wp-json\/wp\/v2\/pages\/230\/revisions\/422"}],"wp:attachment":[{"href":"https:\/\/www.docustore.cl\/index.php\/wp-json\/wp\/v2\/media?parent=230"}],"curies":[{"name":"wp","href":"https:\/\/api.w.org\/{rel}","templated":true}]}}