{"id":335,"date":"2019-11-12T20:21:20","date_gmt":"2019-11-12T19:21:20","guid":{"rendered":"http:\/\/docustoredev.docustore.cl\/docustorewp\/?page_id=335"},"modified":"2022-10-21T02:25:41","modified_gmt":"2022-10-21T00:25:41","slug":"clientes-docustore","status":"publish","type":"page","link":"https:\/\/www.docustore.cl\/index.php\/clientes-docustore\/","title":{"rendered":"Clientes DocuStore"},"content":{"rendered":"[vc_row type=\u00bbfull_width_content\u00bb full_screen_row_position=\u00bbmiddle\u00bb bg_image=\u00bb550&#8243; bg_position=\u00bbcenter center\u00bb bg_repeat=\u00bbno-repeat\u00bb scene_position=\u00bbcenter\u00bb text_color=\u00bbdark\u00bb text_align=\u00bbleft\u00bb top_padding=\u00bb2%\u00bb bottom_padding=\u00bb2%\u00bb overlay_strength=\u00bb0.3&#8243; shape_divider_position=\u00bbbottom\u00bb bg_image_animation=\u00bbnone\u00bb shape_type=\u00bb\u00bb][vc_column column_padding=\u00bbno-extra-padding\u00bb column_padding_position=\u00bball\u00bb background_color_opacity=\u00bb1&#8243; background_hover_color_opacity=\u00bb1&#8243; column_link_target=\u00bb_self\u00bb column_shadow=\u00bbnone\u00bb column_border_radius=\u00bbnone\u00bb width=\u00bb1\/4&#8243; tablet_width_inherit=\u00bbdefault\u00bb tablet_text_alignment=\u00bbdefault\u00bb phone_text_alignment=\u00bbdefault\u00bb column_border_width=\u00bbnone\u00bb column_border_style=\u00bbsolid\u00bb bg_image_animation=\u00bbnone\u00bb][\/vc_column][vc_column column_padding=\u00bbpadding-2-percent\u00bb column_padding_position=\u00bball\u00bb background_color_opacity=\u00bb1&#8243; background_hover_color_opacity=\u00bb1&#8243; column_link_target=\u00bb_self\u00bb column_shadow=\u00bbnone\u00bb column_border_radius=\u00bbnone\u00bb width=\u00bb1\/2&#8243; tablet_width_inherit=\u00bbdefault\u00bb tablet_text_alignment=\u00bbdefault\u00bb phone_text_alignment=\u00bbdefault\u00bb column_border_width=\u00bbnone\u00bb column_border_style=\u00bbsolid\u00bb bg_image_animation=\u00bbnone\u00bb][vc_custom_heading text=\u00bbConozca a nuestros clientes\u00bb font_container=\u00bbtag:h1|text_align:center|color:%23ffffff\u00bb google_fonts=\u00bbfont_family:Lato%3A100%2C100italic%2C300%2C300italic%2Cregular%2Citalic%2C700%2C700italic%2C900%2C900italic|font_style:700%20bold%20regular%3A700%3Anormal\u00bb css_animation=\u00bbfadeIn\u00bb][\/vc_column][vc_column column_padding=\u00bbno-extra-padding\u00bb column_padding_position=\u00bball\u00bb background_color_opacity=\u00bb1&#8243; background_hover_color_opacity=\u00bb1&#8243; column_link_target=\u00bb_self\u00bb column_shadow=\u00bbnone\u00bb column_border_radius=\u00bbnone\u00bb width=\u00bb1\/4&#8243; tablet_width_inherit=\u00bbdefault\u00bb tablet_text_alignment=\u00bbdefault\u00bb phone_text_alignment=\u00bbdefault\u00bb column_border_width=\u00bbnone\u00bb column_border_style=\u00bbsolid\u00bb bg_image_animation=\u00bbnone\u00bb][\/vc_column][\/vc_row][vc_row type=\u00bbfull_width_background\u00bb full_screen_row_position=\u00bbmiddle\u00bb bg_color=\u00bb#ffffff\u00bb scene_position=\u00bbcenter\u00bb text_color=\u00bbdark\u00bb text_align=\u00bbleft\u00bb top_padding=\u00bb4%\u00bb overlay_strength=\u00bb0.3&#8243; shape_divider_position=\u00bbbottom\u00bb bg_image_animation=\u00bbnone\u00bb shape_type=\u00bb\u00bb][vc_column column_padding=\u00bbno-extra-padding\u00bb column_padding_position=\u00bball\u00bb background_color_opacity=\u00bb1&#8243; background_hover_color_opacity=\u00bb1&#8243; column_link_target=\u00bb_self\u00bb column_shadow=\u00bbnone\u00bb column_border_radius=\u00bbnone\u00bb width=\u00bb1\/1&#8243; tablet_width_inherit=\u00bbdefault\u00bb tablet_text_alignment=\u00bbdefault\u00bb phone_text_alignment=\u00bbdefault\u00bb column_border_width=\u00bbnone\u00bb column_border_style=\u00bbsolid\u00bb bg_image_animation=\u00bbnone\u00bb][vc_text_separator title=\u00bbNuestros Clientes\u00bb color=\u00bbblue\u00bb border_width=\u00bb2&#8243;][\/vc_column][\/vc_row][vc_row type=\u00bbfull_width_content\u00bb full_screen_row_position=\u00bbmiddle\u00bb bg_color=\u00bb#ffffff\u00bb scene_position=\u00bbcenter\u00bb text_color=\u00bbdark\u00bb text_align=\u00bbleft\u00bb overlay_strength=\u00bb0.3&#8243; shape_divider_position=\u00bbbottom\u00bb bg_image_animation=\u00bbnone\u00bb shape_type=\u00bb\u00bb][vc_column column_padding=\u00bbno-extra-padding\u00bb column_padding_position=\u00bball\u00bb background_color_opacity=\u00bb1&#8243; background_hover_color_opacity=\u00bb1&#8243; column_link_target=\u00bb_self\u00bb column_shadow=\u00bbnone\u00bb column_border_radius=\u00bbnone\u00bb width=\u00bb1\/6&#8243; tablet_width_inherit=\u00bbdefault\u00bb tablet_text_alignment=\u00bbdefault\u00bb phone_text_alignment=\u00bbdefault\u00bb column_border_width=\u00bbnone\u00bb column_border_style=\u00bbsolid\u00bb bg_image_animation=\u00bbnone\u00bb][\/vc_column][vc_column column_padding=\u00bbno-extra-padding\u00bb column_padding_position=\u00bball\u00bb background_color_opacity=\u00bb1&#8243; background_hover_color_opacity=\u00bb1&#8243; column_link_target=\u00bb_self\u00bb column_shadow=\u00bbnone\u00bb column_border_radius=\u00bbnone\u00bb width=\u00bb4\/6&#8243; tablet_width_inherit=\u00bbdefault\u00bb tablet_text_alignment=\u00bbdefault\u00bb phone_text_alignment=\u00bbdefault\u00bb column_border_width=\u00bbnone\u00bb column_border_style=\u00bbsolid\u00bb bg_image_animation=\u00bbnone\u00bb][clients columns=\u00bb4&#8243; hover_effect=\u00bbopacity\u00bb additional_padding=\u00bb2&#8243;][client image=\u00bb292&#8243; title=\u00bbClient\u00bb id=\u00bb1595352251875-1&#8243; tab_id=\u00bb1595352251877-3&#8243; name=\u00bbAnasac\u00bb][vc_column_text]Click the edit button to add your testimonial.[\/vc_column_text][\/client][client image=\u00bb291&#8243; title=\u00bbClient\u00bb id=\u00bb1595352252210-8&#8243; tab_id=\u00bb1595352252211-8&#8243; url=\u00bb#\u00bb name=\u00bbAlsacia\u00bb][vc_column_text]Click the edit button to add your testimonial.[\/vc_column_text][\/client][client image=\u00bb290&#8243; title=\u00bbClient\u00bb id=\u00bb1595352252308-10&#8243; tab_id=\u00bb1595352252311-10&#8243; url=\u00bb#\u00bb name=\u00bbAgfa\u00bb][\/client][client image=\u00bb294&#8243; title=\u00bbClient\u00bb id=\u00bb1595352252414-9&#8243; tab_id=\u00bb1595352252419-2&#8243; url=\u00bb#\u00bb name=\u00bbBanco Do Brasil\u00bb][\/client][client image=\u00bb293&#8243; title=\u00bbClient\u00bb id=\u00bb1595352252542-9&#8243; tab_id=\u00bb1595352252544-2&#8243; url=\u00bb#\u00bb name=\u00bbAutopista Central\u00bb][\/client][client image=\u00bb295&#8243; title=\u00bbClient\u00bb id=\u00bb1595352252649-3&#8243; tab_id=\u00bb1595352252651-7&#8243; url=\u00bb#\u00bb name=\u00bbBrotec Icafal\u00bb][\/client][client image=\u00bb296&#8243; title=\u00bbClient\u00bb id=\u00bb1595352252775-1&#8243; tab_id=\u00bb1595352252776-10&#8243; url=\u00bb#\u00bb name=\u00bbCCS\u00bb][\/client][client image=\u00bb297&#8243; title=\u00bbClient\u00bb id=\u00bb1595352252842-8&#8243; tab_id=\u00bb1595352252844-7&#8243; url=\u00bb#\u00bb name=\u00bbConaf\u00bb][\/client][client image=\u00bb298&#8243; title=\u00bbClient\u00bb id=\u00bb1595352252956-0&#8243; tab_id=\u00bb1595352252957-6&#8243; url=\u00bb#\u00bb name=\u00bbConsorcio\u00bb][\/client][client image=\u00bb300&#8243; title=\u00bbClient\u00bb id=\u00bb1595352253073-7&#8243; tab_id=\u00bb1595352253074-8&#8243; url=\u00bb#\u00bb name=\u00bbEpiroc\u00bb][\/client][client image=\u00bb299&#8243; title=\u00bbClient\u00bb id=\u00bb1595352253211-7&#8243; tab_id=\u00bb1595352253212-1&#8243; url=\u00bb#\u00bb name=\u00bbMinisterio de Educaci\u00f3n\u00bb][\/client][client image=\u00bb301&#8243; title=\u00bbClient\u00bb id=\u00bb1595352253318-4&#8243; tab_id=\u00bb1595352253322-5&#8243; url=\u00bb#\u00bb name=\u00bbExpress\u00bb][\/client][client image=\u00bb302&#8243; title=\u00bbClient\u00bb id=\u00bb1595352253420-7&#8243; tab_id=\u00bb1595352253422-0&#8243; url=\u00bb#\u00bb name=\u00bbFalp\u00bb][\/client][client image=\u00bb303&#8243; title=\u00bbClient\u00bb id=\u00bb1595352253543-4&#8243; tab_id=\u00bb1595352253544-8&#8243; url=\u00bb#\u00bb name=\u00bbFonasa\u00bb][\/client][client image=\u00bb304&#8243; title=\u00bbClient\u00bb id=\u00bb1595352253644-9&#8243; tab_id=\u00bb1595352253648-10&#8243; url=\u00bb#\u00bb name=\u00bbFundaci\u00f3n Integral\u00bb][\/client][client image=\u00bb306&#8243; title=\u00bbClient\u00bb id=\u00bb1595352253743-8&#8243; tab_id=\u00bb1595352253744-4&#8243; url=\u00bb#\u00bb name=\u00bbWurth\u00bb][\/client][client image=\u00bb305&#8243; title=\u00bbClient\u00bb id=\u00bb1595352253867-3&#8243; tab_id=\u00bb1595352253873-1&#8243; url=\u00bb#\u00bb name=\u00bbHogar de Cristo\u00bb][\/client][client image=\u00bb307&#8243; title=\u00bbClient\u00bb id=\u00bb1595352254021-8&#8243; tab_id=\u00bb1595352254022-0&#8243; url=\u00bb#\u00bb name=\u00bbLas Condes\u00bb][\/client][client image=\u00bb308&#8243; title=\u00bbClient\u00bb id=\u00bb1595352254170-9&#8243; tab_id=\u00bb1595352254171-1&#8243; url=\u00bb#\u00bb name=\u00bblo barnechea\u00bb][\/client][client image=\u00bb309&#8243; title=\u00bbClient\u00bb id=\u00bb1595352254285-7&#8243; tab_id=\u00bb1595352254286-7&#8243; url=\u00bb#\u00bb name=\u00bbM\u00e1s Err\u00e1zuriz\u00bb][\/client][client image=\u00bb310&#8243; title=\u00bbClient\u00bb id=\u00bb1595352254434-1&#8243; tab_id=\u00bb1595352254441-9&#8243; url=\u00bb#\u00bb name=\u00bbMonsanto\u00bb][\/client][client image=\u00bb311&#8243; title=\u00bbClient\u00bb id=\u00bb1595352254592-0&#8243; tab_id=\u00bb1595352254593-9&#8243; url=\u00bb#\u00bb name=\u00bbNokia\u00bb][\/client][client image=\u00bb312&#8243; title=\u00bbClient\u00bb id=\u00bb1595352254753-5&#8243; tab_id=\u00bb1595352254755-5&#8243; url=\u00bb#\u00bb name=\u00bbOdebrecht\u00bb][\/client][client image=\u00bb314&#8243; title=\u00bbClient\u00bb id=\u00bb1595352254935-5&#8243; tab_id=\u00bb1595352254937-7&#8243; url=\u00bb#\u00bb name=\u00bbParques de Chile\u00bb][\/client][client image=\u00bb313&#8243; title=\u00bbClient\u00bb id=\u00bb1595352255065-0&#8243; tab_id=\u00bb1595352255068-8&#8243; url=\u00bb#\u00bb name=\u00bbParque del Recuerdo\u00bb][\/client][client image=\u00bb315&#8243; title=\u00bbClient\u00bb id=\u00bb1595352255221-6&#8243; tab_id=\u00bb1595352255223-7&#8243; url=\u00bb#\u00bb name=\u00bbPhilips\u00bb][\/client][client image=\u00bb316&#8243; title=\u00bbClient\u00bb id=\u00bb1595352255360-0&#8243; tab_id=\u00bb1595352255361-0&#8243; url=\u00bb#\u00bb name=\u00bbSubsecretar\u00eda de Prevenci\u00f3n del Delito\u00bb][\/client][client image=\u00bb317&#8243; title=\u00bbClient\u00bb id=\u00bb1595352255522-2&#8243; tab_id=\u00bb1595352255525-2&#8243; url=\u00bb#\u00bb name=\u00bbSoy Providencia\u00bb][\/client][client image=\u00bb318&#8243; title=\u00bbClient\u00bb id=\u00bb1595352255678-10&#8243; tab_id=\u00bb1595352255683-10&#8243; url=\u00bb#\u00bb name=\u00bbRedbus\u00bb][\/client][client image=\u00bb319&#8243; title=\u00bbClient\u00bb id=\u00bb1595352255839-3&#8243; tab_id=\u00bb1595352255841-5&#8243; url=\u00bb#\u00bb name=\u00bbSuperintendencia de Salud\u00bb][\/client][client image=\u00bb321&#8243; title=\u00bbClient\u00bb id=\u00bb1595352256060-5&#8243; tab_id=\u00bb1595352256066-6&#8243; url=\u00bb#\u00bb name=\u00bbSSL\u00bb][\/client][client image=\u00bb331&#8243; title=\u00bbClient\u00bb id=\u00bb1595352256225-10&#8243; tab_id=\u00bb1595352256227-5&#8243; url=\u00bb#\u00bb name=\u00bbVeolia\u00bb][\/client][client image=\u00bb320&#8243; title=\u00bbClient\u00bb id=\u00bb1595352256392-3&#8243; tab_id=\u00bb1595352256394-9&#8243; url=\u00bb#\u00bb name=\u00bbSalfaCorp\u00bb][\/client][client image=\u00bb322&#8243; title=\u00bbClient\u00bb id=\u00bb1595352256561-5&#8243; tab_id=\u00bb1595352256567-7&#8243; url=\u00bb#\u00bb name=\u00bbSernac\u00bb][\/client][client image=\u00bb323&#8243; title=\u00bbClient\u00bb id=\u00bb1595352256722-9&#8243; tab_id=\u00bb1595352256725-4&#8243; url=\u00bb#\u00bb name=\u00bbSernageomin\u00bb][\/client][client image=\u00bb329&#8243; title=\u00bbClient\u00bb id=\u00bb1595352256877-5&#8243; tab_id=\u00bb1595352256883-2&#8243; url=\u00bb#\u00bb name=\u00bbUAC\u00bb][\/client][client image=\u00bb325&#8243; title=\u00bbClient\u00bb id=\u00bb1595352257043-5&#8243; tab_id=\u00bb1595352257045-4&#8243; url=\u00bb#\u00bb name=\u00bbSyngenta\u00bb][\/client][client image=\u00bb324&#8243; title=\u00bbClient\u00bb id=\u00bb1595352257221-9&#8243; tab_id=\u00bb1595352257224-5&#8243; url=\u00bb#\u00bb name=\u00bbSofofa\u00bb][\/client][client image=\u00bb326&#8243; title=\u00bbClient\u00bb id=\u00bb1595352257391-9&#8243; tab_id=\u00bb1595352257392-4&#8243; url=\u00bb#\u00bb name=\u00bbTecdra\u00bb][\/client][client image=\u00bb327&#8243; title=\u00bbClient\u00bb id=\u00bb1595352257501-6&#8243; tab_id=\u00bb1595352257503-1&#8243; url=\u00bb#\u00bb name=\u00bbTranssa\u00bb][\/client][client image=\u00bb328&#8243; title=\u00bbClient\u00bb id=\u00bb1595352257663-9&#8243; tab_id=\u00bb1595352257665-10&#8243; url=\u00bb#\u00bb name=\u00bbT\u00fanel San Crist\u00f3bal\u00bb][\/client][client image=\u00bb330&#8243; title=\u00bbClient\u00bb id=\u00bb1595352257835-6&#8243; tab_id=\u00bb1595352257839-0&#8243; url=\u00bb#\u00bb name=\u00bbUniversidad de Chile\u00bb][\/client][client image=\u00bb332&#8243; title=\u00bbClient\u00bb id=\u00bb1595352258006-5&#8243; tab_id=\u00bb1595352258007-4&#8243; url=\u00bb#\u00bb name=\u00bbVespucio Norte\u00bb][\/client][client image=\u00bb333&#8243; title=\u00bbClient\u00bb id=\u00bb1595352258163-6&#8243; tab_id=\u00bb1595352258165-4&#8243; url=\u00bb#\u00bb name=\u00bbVespucio Sur\u00bb][\/client][client image=\u00bb334&#8243; title=\u00bbClient\u00bb id=\u00bb1595352258357-2&#8243; tab_id=\u00bb1595352258359-10&#8243; url=\u00bb#\u00bb name=\u00bbWalmart\u00bb][\/client][\/clients][\/vc_column][vc_column column_padding=\u00bbno-extra-padding\u00bb column_padding_position=\u00bball\u00bb background_color_opacity=\u00bb1&#8243; background_hover_color_opacity=\u00bb1&#8243; column_link_target=\u00bb_self\u00bb column_shadow=\u00bbnone\u00bb column_border_radius=\u00bbnone\u00bb width=\u00bb1\/6&#8243; tablet_width_inherit=\u00bbdefault\u00bb tablet_text_alignment=\u00bbdefault\u00bb phone_text_alignment=\u00bbdefault\u00bb column_border_width=\u00bbnone\u00bb column_border_style=\u00bbsolid\u00bb bg_image_animation=\u00bbnone\u00bb][\/vc_column][\/vc_row][vc_row type=\u00bbfull_width_content\u00bb full_screen_row_position=\u00bbmiddle\u00bb scene_position=\u00bbcenter\u00bb text_color=\u00bblight\u00bb text_align=\u00bbleft\u00bb color_overlay=\u00bb#2678e6&#8243; overlay_strength=\u00bb1&#8243; shape_divider_position=\u00bbbottom\u00bb bg_image_animation=\u00bbnone\u00bb shape_type=\u00bb\u00bb][vc_column centered_text=\u00bbtrue\u00bb column_padding=\u00bbpadding-5-percent\u00bb column_padding_position=\u00bball\u00bb background_color_opacity=\u00bb1&#8243; background_hover_color_opacity=\u00bb1&#8243; column_link_target=\u00bb_self\u00bb column_shadow=\u00bbnone\u00bb column_border_radius=\u00bbnone\u00bb width=\u00bb1\/1&#8243; tablet_width_inherit=\u00bbdefault\u00bb tablet_text_alignment=\u00bbdefault\u00bb phone_text_alignment=\u00bbdefault\u00bb column_border_width=\u00bbnone\u00bb column_border_style=\u00bbsolid\u00bb bg_image_animation=\u00bbnone\u00bb][vc_column_text max_width=\u00bb850&#8243;]\n<h3>Nos encargamos de la Gesti\u00f3n, usted del Beneficio<\/h3>\n[\/vc_column_text][divider line_type=\u00bbNo Line\u00bb custom_height=\u00bb0&#8243;][nectar_btn size=\u00bblarge\u00bb button_style=\u00bbregular\u00bb button_color_2=\u00bbAccent-Color\u00bb color_override=\u00bb#ff7135&#8243; icon_family=\u00bbnone\u00bb url=\u00bb#\u00bb text=\u00bbCont\u00e1ctenos Ahora\u00bb][\/vc_column][\/vc_row]\n","protected":false},"excerpt":{"rendered":"<p>[vc_row type=\u00bbfull_width_content\u00bb full_screen_row_position=\u00bbmiddle\u00bb bg_image=\u00bb550&#8243; bg_position=\u00bbcenter center\u00bb bg_repeat=\u00bbno-repeat\u00bb scene_position=\u00bbcenter\u00bb text_color=\u00bbdark\u00bb text_align=\u00bbleft\u00bb top_padding=\u00bb2%\u00bb bottom_padding=\u00bb2%\u00bb overlay_strength=\u00bb0.3&#8243; shape_divider_position=\u00bbbottom\u00bb bg_image_animation=\u00bbnone\u00bb shape_type=\u00bb\u00bb][vc_column column_padding=\u00bbno-extra-padding\u00bb column_padding_position=\u00bball\u00bb background_color_opacity=\u00bb1&#8243; background_hover_color_opacity=\u00bb1&#8243; column_link_target=\u00bb_self\u00bb column_shadow=\u00bbnone\u00bb column_border_radius=\u00bbnone\u00bb width=\u00bb1\/4&#8243; tablet_width_inherit=\u00bbdefault\u00bb tablet_text_alignment=\u00bbdefault\u00bb phone_text_alignment=\u00bbdefault\u00bb column_border_width=\u00bbnone\u00bb column_border_style=\u00bbsolid\u00bb bg_image_animation=\u00bbnone\u00bb][\/vc_column][vc_column&#8230;<\/p>\n","protected":false},"author":1,"featured_media":0,"parent":0,"menu_order":0,"comment_status":"closed","ping_status":"closed","template":"","meta":{"_joinchat":[],"footnotes":""},"class_list":["post-335","page","type-page","status-publish"],"yoast_head":"<!-- This site is optimized with the Yoast SEO plugin v26.6 - https:\/\/yoast.com\/wordpress\/plugins\/seo\/ -->\n<title>Clientes DocuStore - Docustore | Custodia y administraci\u00f3n de documentos<\/title>\n<meta name=\"robots\" content=\"index, follow, max-snippet:-1, max-image-preview:large, max-video-preview:-1\" \/>\n<link rel=\"canonical\" href=\"https:\/\/www.docustore.cl\/index.php\/clientes-docustore\/\" \/>\n<meta property=\"og:locale\" content=\"es_ES\" \/>\n<meta property=\"og:type\" content=\"article\" \/>\n<meta property=\"og:title\" content=\"Clientes DocuStore - Docustore | Custodia y administraci\u00f3n de documentos\" \/>\n<meta property=\"og:description\" content=\"[vc_row type=\u00bbfull_width_content\u00bb full_screen_row_position=\u00bbmiddle\u00bb bg_image=\u00bb550&#8243; bg_position=\u00bbcenter center\u00bb bg_repeat=\u00bbno-repeat\u00bb scene_position=\u00bbcenter\u00bb text_color=\u00bbdark\u00bb text_align=\u00bbleft\u00bb top_padding=\u00bb2%\u00bb bottom_padding=\u00bb2%\u00bb overlay_strength=\u00bb0.3&#8243; shape_divider_position=\u00bbbottom\u00bb bg_image_animation=\u00bbnone\u00bb shape_type=\u00bb\u00bb][vc_column column_padding=\u00bbno-extra-padding\u00bb column_padding_position=\u00bball\u00bb background_color_opacity=\u00bb1&#8243; background_hover_color_opacity=\u00bb1&#8243; column_link_target=\u00bb_self\u00bb column_shadow=\u00bbnone\u00bb column_border_radius=\u00bbnone\u00bb width=\u00bb1\/4&#8243; tablet_width_inherit=\u00bbdefault\u00bb tablet_text_alignment=\u00bbdefault\u00bb phone_text_alignment=\u00bbdefault\u00bb column_border_width=\u00bbnone\u00bb column_border_style=\u00bbsolid\u00bb bg_image_animation=\u00bbnone\u00bb][\/vc_column][vc_column...\" \/>\n<meta property=\"og:url\" content=\"https:\/\/www.docustore.cl\/index.php\/clientes-docustore\/\" \/>\n<meta property=\"og:site_name\" content=\"Docustore | Custodia y administraci\u00f3n de documentos\" \/>\n<meta property=\"article:modified_time\" content=\"2022-10-21T00:25:41+00:00\" \/>\n<meta name=\"twitter:card\" content=\"summary_large_image\" \/>\n<meta name=\"twitter:label1\" content=\"Tiempo de lectura\" \/>\n\t<meta name=\"twitter:data1\" content=\"7 minutos\" \/>\n<script type=\"application\/ld+json\" class=\"yoast-schema-graph\">{\"@context\":\"https:\/\/schema.org\",\"@graph\":[{\"@type\":\"WebPage\",\"@id\":\"https:\/\/www.docustore.cl\/index.php\/clientes-docustore\/\",\"url\":\"https:\/\/www.docustore.cl\/index.php\/clientes-docustore\/\",\"name\":\"Clientes DocuStore - Docustore | Custodia y administraci\u00f3n de documentos\",\"isPartOf\":{\"@id\":\"https:\/\/www.docustore.cl\/#website\"},\"datePublished\":\"2019-11-12T19:21:20+00:00\",\"dateModified\":\"2022-10-21T00:25:41+00:00\",\"breadcrumb\":{\"@id\":\"https:\/\/www.docustore.cl\/index.php\/clientes-docustore\/#breadcrumb\"},\"inLanguage\":\"es\",\"potentialAction\":[{\"@type\":\"ReadAction\",\"target\":[\"https:\/\/www.docustore.cl\/index.php\/clientes-docustore\/\"]}]},{\"@type\":\"BreadcrumbList\",\"@id\":\"https:\/\/www.docustore.cl\/index.php\/clientes-docustore\/#breadcrumb\",\"itemListElement\":[{\"@type\":\"ListItem\",\"position\":1,\"name\":\"Portada\",\"item\":\"https:\/\/www.docustore.cl\/\"},{\"@type\":\"ListItem\",\"position\":2,\"name\":\"Clientes DocuStore\"}]},{\"@type\":\"WebSite\",\"@id\":\"https:\/\/www.docustore.cl\/#website\",\"url\":\"https:\/\/www.docustore.cl\/\",\"name\":\"Docustore | Custodia y administraci\u00f3n de documentos\",\"description\":\"Almacenaje y Administraci\u00f3n de Documentos, Digitalizaci\u00f3n, Software\",\"potentialAction\":[{\"@type\":\"SearchAction\",\"target\":{\"@type\":\"EntryPoint\",\"urlTemplate\":\"https:\/\/www.docustore.cl\/?s={search_term_string}\"},\"query-input\":{\"@type\":\"PropertyValueSpecification\",\"valueRequired\":true,\"valueName\":\"search_term_string\"}}],\"inLanguage\":\"es\"}]}<\/script>\n<!-- \/ Yoast SEO plugin. -->","yoast_head_json":{"title":"Clientes DocuStore - Docustore | Custodia y administraci\u00f3n de documentos","robots":{"index":"index","follow":"follow","max-snippet":"max-snippet:-1","max-image-preview":"max-image-preview:large","max-video-preview":"max-video-preview:-1"},"canonical":"https:\/\/www.docustore.cl\/index.php\/clientes-docustore\/","og_locale":"es_ES","og_type":"article","og_title":"Clientes DocuStore - Docustore | Custodia y administraci\u00f3n de documentos","og_description":"[vc_row type=\u00bbfull_width_content\u00bb full_screen_row_position=\u00bbmiddle\u00bb bg_image=\u00bb550&#8243; bg_position=\u00bbcenter center\u00bb bg_repeat=\u00bbno-repeat\u00bb scene_position=\u00bbcenter\u00bb text_color=\u00bbdark\u00bb text_align=\u00bbleft\u00bb top_padding=\u00bb2%\u00bb bottom_padding=\u00bb2%\u00bb overlay_strength=\u00bb0.3&#8243; shape_divider_position=\u00bbbottom\u00bb bg_image_animation=\u00bbnone\u00bb shape_type=\u00bb\u00bb][vc_column column_padding=\u00bbno-extra-padding\u00bb column_padding_position=\u00bball\u00bb background_color_opacity=\u00bb1&#8243; background_hover_color_opacity=\u00bb1&#8243; column_link_target=\u00bb_self\u00bb column_shadow=\u00bbnone\u00bb column_border_radius=\u00bbnone\u00bb width=\u00bb1\/4&#8243; tablet_width_inherit=\u00bbdefault\u00bb tablet_text_alignment=\u00bbdefault\u00bb phone_text_alignment=\u00bbdefault\u00bb column_border_width=\u00bbnone\u00bb column_border_style=\u00bbsolid\u00bb bg_image_animation=\u00bbnone\u00bb][\/vc_column][vc_column...","og_url":"https:\/\/www.docustore.cl\/index.php\/clientes-docustore\/","og_site_name":"Docustore | Custodia y administraci\u00f3n de documentos","article_modified_time":"2022-10-21T00:25:41+00:00","twitter_card":"summary_large_image","twitter_misc":{"Tiempo de lectura":"7 minutos"},"schema":{"@context":"https:\/\/schema.org","@graph":[{"@type":"WebPage","@id":"https:\/\/www.docustore.cl\/index.php\/clientes-docustore\/","url":"https:\/\/www.docustore.cl\/index.php\/clientes-docustore\/","name":"Clientes DocuStore - Docustore | Custodia y administraci\u00f3n de documentos","isPartOf":{"@id":"https:\/\/www.docustore.cl\/#website"},"datePublished":"2019-11-12T19:21:20+00:00","dateModified":"2022-10-21T00:25:41+00:00","breadcrumb":{"@id":"https:\/\/www.docustore.cl\/index.php\/clientes-docustore\/#breadcrumb"},"inLanguage":"es","potentialAction":[{"@type":"ReadAction","target":["https:\/\/www.docustore.cl\/index.php\/clientes-docustore\/"]}]},{"@type":"BreadcrumbList","@id":"https:\/\/www.docustore.cl\/index.php\/clientes-docustore\/#breadcrumb","itemListElement":[{"@type":"ListItem","position":1,"name":"Portada","item":"https:\/\/www.docustore.cl\/"},{"@type":"ListItem","position":2,"name":"Clientes DocuStore"}]},{"@type":"WebSite","@id":"https:\/\/www.docustore.cl\/#website","url":"https:\/\/www.docustore.cl\/","name":"Docustore | Custodia y administraci\u00f3n de documentos","description":"Almacenaje y Administraci\u00f3n de Documentos, Digitalizaci\u00f3n, Software","potentialAction":[{"@type":"SearchAction","target":{"@type":"EntryPoint","urlTemplate":"https:\/\/www.docustore.cl\/?s={search_term_string}"},"query-input":{"@type":"PropertyValueSpecification","valueRequired":true,"valueName":"search_term_string"}}],"inLanguage":"es"}]}},"_links":{"self":[{"href":"https:\/\/www.docustore.cl\/index.php\/wp-json\/wp\/v2\/pages\/335","targetHints":{"allow":["GET"]}}],"collection":[{"href":"https:\/\/www.docustore.cl\/index.php\/wp-json\/wp\/v2\/pages"}],"about":[{"href":"https:\/\/www.docustore.cl\/index.php\/wp-json\/wp\/v2\/types\/page"}],"author":[{"embeddable":true,"href":"https:\/\/www.docustore.cl\/index.php\/wp-json\/wp\/v2\/users\/1"}],"replies":[{"embeddable":true,"href":"https:\/\/www.docustore.cl\/index.php\/wp-json\/wp\/v2\/comments?post=335"}],"version-history":[{"count":12,"href":"https:\/\/www.docustore.cl\/index.php\/wp-json\/wp\/v2\/pages\/335\/revisions"}],"predecessor-version":[{"id":554,"href":"https:\/\/www.docustore.cl\/index.php\/wp-json\/wp\/v2\/pages\/335\/revisions\/554"}],"wp:attachment":[{"href":"https:\/\/www.docustore.cl\/index.php\/wp-json\/wp\/v2\/media?parent=335"}],"curies":[{"name":"wp","href":"https:\/\/api.w.org\/{rel}","templated":true}]}}